{"id":71,"date":"2014-03-28T07:24:53","date_gmt":"2014-03-28T06:24:53","guid":{"rendered":"http:\/\/gradic.si\/?page_id=71"},"modified":"2025-01-08T12:42:22","modified_gmt":"2025-01-08T11:42:22","slug":"domov","status":"publish","type":"page","link":"http:\/\/gradic.si\/","title":{"rendered":"Domov"},"content":{"rendered":"\n<p>GRADI\u010c je poznan tudi pod imeni LOVSKI DVOREC, ARZEN\u0160KOVA HI\u0160A in PEKLARJEVA HI\u0160A.<br>Gradi\u010d velja za najstarej\u0161o ohranjeno hi\u0161o v Trbovljah, saj je hi\u0161a omenjena v urbariju \u017ee leta 1582 in sicer kot grofovska lovska hi\u0161a (celjskih grofov).<\/p>\n\n\n\n<p>Gradi\u010d je bil ponovno odprt za javnost 3. decembra 2012, po prenovi, ki jo je izvedla ekipa Delavskega doma v sodelovanju z Zasavskim muzejem.<\/p>\n\n\n\n<p>V kletnem prostoru sta v slogu srednjega veka opremljena poro\u010dna dvorana in lovska soba, kot sprejemna dvorana. Zgornji prostori odsevajo rudarjenje, stekleni del je preurejen v ve\u010dnamensko dvorano. Okrog gradi\u010da je lepo urejen vrt, skozi katerega do stavbe vodi \u0161iroko stopni\u0161\u010de.<\/p>\n\n\n\n<figure class=\"wp-block-image size-large\"><a href=\"http:\/\/gradic.si\/wp-content\/uploads\/2014\/03\/Gradi\u010d-2.jpg\"><img loading=\"lazy\" decoding=\"async\" width=\"1024\" height=\"677\" src=\"http:\/\/gradic.si\/wp-content\/uploads\/2014\/03\/Gradi\u010d-2-1024x677.jpg\" alt=\"\" class=\"wp-image-134\" srcset=\"http:\/\/gradic.si\/wp-content\/uploads\/2014\/03\/Gradi\u010d-2-1024x677.jpg 1024w, http:\/\/gradic.si\/wp-content\/uploads\/2014\/03\/Gradi\u010d-2-300x198.jpg 300w, http:\/\/gradic.si\/wp-content\/uploads\/2014\/03\/Gradi\u010d-2-940x622.jpg 940w, http:\/\/gradic.si\/wp-content\/uploads\/2014\/03\/Gradi\u010d-2-620x410.jpg 620w, http:\/\/gradic.si\/wp-content\/uploads\/2014\/03\/Gradi\u010d-2-195x129.jpg 195w\" sizes=\"auto, (max-width: 1024px) 100vw, 1024px\" \/><\/a><\/figure>\n\n\n\n<p><\/p>\n","protected":false},"excerpt":{"rendered":"<p>GRADI\u010c je poznan tudi pod imeni LOVSKI DVOREC, ARZEN\u0160KOVA HI\u0160A in PEKLARJEVA HI\u0160A.Gradi\u010d velja za najstarej\u0161o ohranjeno hi\u0161o v Trbovljah, saj je hi\u0161a omenjena v urbariju \u017ee leta 1582 in sicer kot grofovska lovska hi\u0161a (celjskih grofov). Gradi\u010d je bil ponovno odprt za javnost 3. decembra 2012, po prenovi, ki jo je izvedla ekipa Delavskega [&hellip;]<\/p>\n","protected":false},"author":2,"featured_media":0,"parent":0,"menu_order":0,"comment_status":"open","ping_status":"open","template":"","meta":{"footnotes":""},"class_list":["post-71","page","type-page","status-publish","hentry"],"_links":{"self":[{"href":"http:\/\/gradic.si\/index.php?rest_route=\/wp\/v2\/pages\/71","targetHints":{"allow":["GET"]}}],"collection":[{"href":"http:\/\/gradic.si\/index.php?rest_route=\/wp\/v2\/pages"}],"about":[{"href":"http:\/\/gradic.si\/index.php?rest_route=\/wp\/v2\/types\/page"}],"author":[{"embeddable":true,"href":"http:\/\/gradic.si\/index.php?rest_route=\/wp\/v2\/users\/2"}],"replies":[{"embeddable":true,"href":"http:\/\/gradic.si\/index.php?rest_route=%2Fwp%2Fv2%2Fcomments&post=71"}],"version-history":[{"count":15,"href":"http:\/\/gradic.si\/index.php?rest_route=\/wp\/v2\/pages\/71\/revisions"}],"predecessor-version":[{"id":477,"href":"http:\/\/gradic.si\/index.php?rest_route=\/wp\/v2\/pages\/71\/revisions\/477"}],"wp:attachment":[{"href":"http:\/\/gradic.si\/index.php?rest_route=%2Fwp%2Fv2%2Fmedia&parent=71"}],"curies":[{"name":"wp","href":"https:\/\/api.w.org\/{rel}","templated":true}]}}