{"id":42,"date":"2013-12-02T08:48:53","date_gmt":"2013-12-02T07:48:53","guid":{"rendered":"http:\/\/gradic.si\/?page_id=42"},"modified":"2023-11-13T09:25:42","modified_gmt":"2023-11-13T08:25:42","slug":"lovska","status":"publish","type":"page","link":"http:\/\/gradic.si\/?page_id=42","title":{"rendered":"Lovska"},"content":{"rendered":"\n<p><\/p>\n\n\n\n<p>Sprejemnica, opremljena z lovskimi trofejami ter veli\u010dastno grafiko akademskega slikarja Jo\u017eeta Cijuhe, predstavlja ves \u017eivalski svet v zasavskih revirjih.<\/p>\n\n\n\n<div style=\"height:30px\" aria-hidden=\"true\" class=\"wp-block-spacer\"><\/div>\n\n\n\n<figure class=\"wp-block-image aligncenter size-full\"><a href=\"http:\/\/gradic.si\/wp-content\/uploads\/2013\/12\/lovska-panorama-3.jpg\"><img loading=\"lazy\" decoding=\"async\" width=\"1024\" height=\"562\" src=\"http:\/\/gradic.si\/wp-content\/uploads\/2013\/12\/lovska-panorama-3.jpg\" alt=\"Lovska soba - predverje poro\u010dne dvorane\" class=\"wp-image-107\" srcset=\"http:\/\/gradic.si\/wp-content\/uploads\/2013\/12\/lovska-panorama-3.jpg 1024w, http:\/\/gradic.si\/wp-content\/uploads\/2013\/12\/lovska-panorama-3-300x164.jpg 300w, http:\/\/gradic.si\/wp-content\/uploads\/2013\/12\/lovska-panorama-3-940x515.jpg 940w, http:\/\/gradic.si\/wp-content\/uploads\/2013\/12\/lovska-panorama-3-620x340.jpg 620w, http:\/\/gradic.si\/wp-content\/uploads\/2013\/12\/lovska-panorama-3-195x107.jpg 195w\" sizes=\"auto, (max-width: 1024px) 100vw, 1024px\" \/><\/a><\/figure>\n\n\n\n<p>foto: Andrej Udu\u010d<\/p>\n","protected":false},"excerpt":{"rendered":"<p>Sprejemnica, opremljena z lovskimi trofejami ter veli\u010dastno grafiko akademskega slikarja Jo\u017eeta Cijuhe, predstavlja ves \u017eivalski svet v zasavskih revirjih. foto: Andrej Udu\u010d<\/p>\n","protected":false},"author":2,"featured_media":0,"parent":0,"menu_order":0,"comment_status":"open","ping_status":"open","template":"","meta":{"footnotes":""},"class_list":["post-42","page","type-page","status-publish","hentry"],"_links":{"self":[{"href":"http:\/\/gradic.si\/index.php?rest_route=\/wp\/v2\/pages\/42","targetHints":{"allow":["GET"]}}],"collection":[{"href":"http:\/\/gradic.si\/index.php?rest_route=\/wp\/v2\/pages"}],"about":[{"href":"http:\/\/gradic.si\/index.php?rest_route=\/wp\/v2\/types\/page"}],"author":[{"embeddable":true,"href":"http:\/\/gradic.si\/index.php?rest_route=\/wp\/v2\/users\/2"}],"replies":[{"embeddable":true,"href":"http:\/\/gradic.si\/index.php?rest_route=%2Fwp%2Fv2%2Fcomments&post=42"}],"version-history":[{"count":7,"href":"http:\/\/gradic.si\/index.php?rest_route=\/wp\/v2\/pages\/42\/revisions"}],"predecessor-version":[{"id":459,"href":"http:\/\/gradic.si\/index.php?rest_route=\/wp\/v2\/pages\/42\/revisions\/459"}],"wp:attachment":[{"href":"http:\/\/gradic.si\/index.php?rest_route=%2Fwp%2Fv2%2Fmedia&parent=42"}],"curies":[{"name":"wp","href":"https:\/\/api.w.org\/{rel}","templated":true}]}}