{"id":13,"date":"2013-12-02T08:13:09","date_gmt":"2013-12-02T07:13:09","guid":{"rendered":"http:\/\/gradic.si\/?page_id=13"},"modified":"2023-11-13T08:53:00","modified_gmt":"2023-11-13T07:53:00","slug":"lokacija-in-kontakt","status":"publish","type":"page","link":"http:\/\/gradic.si\/?page_id=13","title":{"rendered":"Lokacija in kontakt"},"content":{"rendered":"\n<p>Gradi\u010d stoji v zgornjem delu Trbovelj, blizu mestnega parka, in nasproti kultrurnega hrama Dom Svobode.<\/p>\n\n\n\n<p><strong>Naslov: Gradi\u010d Trbovlje<br>\n<\/strong><\/p>\n\n\n\n<p><strong>Trg Franca Fakina 5 <\/strong><\/p>\n\n\n\n<p><strong>1420 Trbovlje<\/strong><br>\n<strong>Telefon: 03 563 34 81<\/strong><br>\n<strong> E-po\u0161ta: <a href=\"mailto:info@dd-trbovlje.si\">info@dd-trbovlje.si<\/a><\/strong><\/p>\n\n\n\n<p>Gradi\u010d Trbovlje je v upravljanju Zavoda za kulturo Delavski dom Trbovlje<\/p>\n\n\n\n<div class=\"wp-block-group alignwide is-nowrap is-layout-flex wp-container-core-group-is-layout-1 wp-block-group-is-layout-flex\">\n<iframe src=\"https:\/\/www.google.com\/maps\/embed?pb=!1m18!1m12!1m3!1d2763.531987645991!2d15.050560076682212!3d46.16006488674084!2m3!1f0!2f0!3f0!3m2!1i1024!2i768!4f13.1!3m3!1m2!1s0x47656b6107ada263%3A0x37ab46207cd725a0!2zR3JhZGnEjQ!5e0!3m2!1ssl!2ssi!4v1699861885419!5m2!1ssl!2ssi\" width=\"100%\" height=\"450\" style=\"border:0;\" allowfullscreen=\"\" loading=\"lazy\" referrerpolicy=\"no-referrer-when-downgrade\"><\/iframe>\n<\/div>\n","protected":false},"excerpt":{"rendered":"<p>Gradi\u010d stoji v zgornjem delu Trbovelj, blizu mestnega parka, in nasproti kultrurnega hrama Dom Svobode. Naslov: Gradi\u010d Trbovlje Trg Franca Fakina 5 1420 Trbovlje Telefon: 03 563 34 81 E-po\u0161ta: info@dd-trbovlje.si Gradi\u010d Trbovlje je v upravljanju Zavoda za kulturo Delavski dom Trbovlje<\/p>\n","protected":false},"author":2,"featured_media":0,"parent":0,"menu_order":0,"comment_status":"open","ping_status":"open","template":"","meta":{"footnotes":""},"class_list":["post-13","page","type-page","status-publish","hentry"],"_links":{"self":[{"href":"http:\/\/gradic.si\/index.php?rest_route=\/wp\/v2\/pages\/13","targetHints":{"allow":["GET"]}}],"collection":[{"href":"http:\/\/gradic.si\/index.php?rest_route=\/wp\/v2\/pages"}],"about":[{"href":"http:\/\/gradic.si\/index.php?rest_route=\/wp\/v2\/types\/page"}],"author":[{"embeddable":true,"href":"http:\/\/gradic.si\/index.php?rest_route=\/wp\/v2\/users\/2"}],"replies":[{"embeddable":true,"href":"http:\/\/gradic.si\/index.php?rest_route=%2Fwp%2Fv2%2Fcomments&post=13"}],"version-history":[{"count":16,"href":"http:\/\/gradic.si\/index.php?rest_route=\/wp\/v2\/pages\/13\/revisions"}],"predecessor-version":[{"id":442,"href":"http:\/\/gradic.si\/index.php?rest_route=\/wp\/v2\/pages\/13\/revisions\/442"}],"wp:attachment":[{"href":"http:\/\/gradic.si\/index.php?rest_route=%2Fwp%2Fv2%2Fmedia&parent=13"}],"curies":[{"name":"wp","href":"https:\/\/api.w.org\/{rel}","templated":true}]}}